{"id":2,"date":"2015-05-16T10:05:08","date_gmt":"2015-05-16T08:05:08","guid":{"rendered":"http:\/\/fewoschoon.de\/?page_id=2"},"modified":"2019-01-02T09:28:20","modified_gmt":"2019-01-02T08:28:20","slug":"beispiel-seite","status":"publish","type":"page","link":"https:\/\/fewoschoon.de\/?page_id=2","title":{"rendered":"Startseite"},"content":{"rendered":"<h1><span style=\"text-decoration: underline;\">Herzlich willkommen im sch\u00f6nen Ostfriesland!<\/span><\/h1>\n<p>Wir m\u00f6chten Ihnen hier n\u00e4here Informationen zu unserer Ferienwohnung &#8222;Schoons Ferienhuuske&#8220; liefern.\u00a0Unsere Ferienwohnung ist ideal f\u00fcr 1 -3 Erwachsene oder Eltern mit 2 Kindern.<br \/>\nMitten im Ortszentrum von Gro\u00dfefehn, zentral gelegen zwischen Aurich, Wiesmoor und Leer, finden Sie unsere <a href=\"http:\/\/fewoschoon.de\/?page_id=127\">Ferienwohnung<\/a> (68qm), die\u00a0in unmittelbarer N\u00e4he der verkehrsberuhigten Zone am Gro\u00dfefehnkanal und direkt an der <a href=\"http:\/\/www.deutsche-fehnroute.de\/\" target=\"_blank\" rel=\"noopener noreferrer\">Deutschen Fehnroute<\/a> liegt.\u00a0Die Deutsche Fehnroute ist ein 173 km langer Radwanderrundkurs im Nordwesten Deutschlands.<\/p>\n<p>Egal, ob Sie das Umland zu Fu\u00df oder mit dem Fahrrad die idyllische Fehnroute erkunden m\u00f6chten oder aber einen Angelausflug planen, unser\u00a0Ferienhuuske ist ein idealer Ausgangspunkt.<\/p>\n<p>Der Ortskern, der innerhalb weniger Minuten zu Fu\u00df erreichbar ist, bietet zentrale Einkaufsm\u00f6glichkeiten. Mehr dazu finden Sie in dem Untermen\u00fc\u00a0der Ferienwohnung <a href=\"http:\/\/fewoschoon.de\/?page_id=318\">&#8222;In der N\u00e4he.&#8220;<\/a><\/p>\n<p>Schauen Sie sich gerne unseren Men\u00fcpunkt &#8222;<a href=\"http:\/\/fewoschoon.de\/?page_id=44\">Aktivit\u00e4ten<\/a>&#8220; an, um einen Eindruck zu gewinnen, welche M\u00f6glichkeiten es gibt, einen tollen Urlaub auf dem Fehn zu genie\u00dfen.<\/p>\n<p>Sehen Sie sich hier unsere <a href=\"http:\/\/fewoschoon.de\/?page_id=127\">Ferienwohnung<\/a>\u00a0an!<\/p>\n<p>Sie k\u00f6nnen auch vorab schon pr\u00fcfen, ob\u00a0unsere Ferienwohnung zu Ihrem Wunschtermin noch frei ist, indem Sie einen Blick auf unseren <a href=\"http:\/\/fewoschoon.de\/?page_id=21\">Belegungsplan <\/a>werfen.<\/p>\n<p>Viel Spass beim St\u00f6bern auf unserer\u00a0Homepage w\u00fcnscht Familie Schoon!<\/p>\n","protected":false},"excerpt":{"rendered":"<p>Herzlich willkommen im sch\u00f6nen Ostfriesland! Wir m\u00f6chten Ihnen hier n\u00e4here Informationen zu unserer Ferienwohnung &#8222;Schoons Ferienhuuske&#8220; liefern.\u00a0Unsere Ferienwohnung ist ideal f\u00fcr 1 -3 Erwachsene oder Eltern mit 2 Kindern. Mitten im Ortszentrum von Gro\u00dfefehn, zentral gelegen zwischen Aurich, Wiesmoor und Leer, finden Sie unsere Ferienwohnung (68qm), die\u00a0in unmittelbarer N\u00e4he der verkehrsberuhigten Zone am Gro\u00dfefehnkanal und [&hellip;]<\/p>\n","protected":false},"author":1,"featured_media":0,"parent":0,"menu_order":0,"comment_status":"open","ping_status":"open","template":"","meta":{"_exactmetrics_skip_tracking":false,"_exactmetrics_sitenote_active":false,"_exactmetrics_sitenote_note":"","_exactmetrics_sitenote_category":0,"jetpack_post_was_ever_published":false,"footnotes":""},"class_list":["post-2","page","type-page","status-publish","hentry"],"aioseo_notices":[],"jetpack_sharing_enabled":false,"jetpack_shortlink":"https:\/\/wp.me\/P69lNu-2","jetpack-related-posts":[],"_links":{"self":[{"href":"https:\/\/fewoschoon.de\/index.php?rest_route=\/wp\/v2\/pages\/2","targetHints":{"allow":["GET"]}}],"collection":[{"href":"https:\/\/fewoschoon.de\/index.php?rest_route=\/wp\/v2\/pages"}],"about":[{"href":"https:\/\/fewoschoon.de\/index.php?rest_route=\/wp\/v2\/types\/page"}],"author":[{"embeddable":true,"href":"https:\/\/fewoschoon.de\/index.php?rest_route=\/wp\/v2\/users\/1"}],"replies":[{"embeddable":true,"href":"https:\/\/fewoschoon.de\/index.php?rest_route=%2Fwp%2Fv2%2Fcomments&post=2"}],"version-history":[{"count":44,"href":"https:\/\/fewoschoon.de\/index.php?rest_route=\/wp\/v2\/pages\/2\/revisions"}],"predecessor-version":[{"id":636,"href":"https:\/\/fewoschoon.de\/index.php?rest_route=\/wp\/v2\/pages\/2\/revisions\/636"}],"wp:attachment":[{"href":"https:\/\/fewoschoon.de\/index.php?rest_route=%2Fwp%2Fv2%2Fmedia&parent=2"}],"curies":[{"name":"wp","href":"https:\/\/api.w.org\/{rel}","templated":true}]}}