{"id":272,"date":"2015-05-18T13:35:10","date_gmt":"2015-05-18T11:35:10","guid":{"rendered":"http:\/\/fewoschoon.de\/?page_id=272"},"modified":"2021-07-16T11:45:40","modified_gmt":"2021-07-16T09:45:40","slug":"radfahren-2","status":"publish","type":"page","link":"https:\/\/fewoschoon.de\/?page_id=272","title":{"rendered":"Radfahren"},"content":{"rendered":"<h1><span style=\"text-decoration: underline;\"><strong>Ausfl\u00fcge mit dem Fahrrad:<br \/>\n<\/strong><\/span><\/h1>\n<h2><span style=\"text-decoration: underline;\"><strong>Grenzenlos aktiv im Nordwesten<br \/>\n<\/strong><\/span><\/h2>\n<p>Schauen Sie sich die Seite <a href=\"https:\/\/www.ostfriesland.de\/mein-ostfriesland\/radurlaub.html\" target=\"_blank\" rel=\"noopener\">Grenzenlos aktiv im Nordwesten<\/a> f\u00fcr viele Infos zu Radtouren etc. an!<\/p>\n<h2><span style=\"text-decoration: underline;\"><strong>M\u00fchlenhof mit der Bagbander M\u00fchle &amp; Ostfriesen Br\u00e4u:<\/strong><\/span><\/h2>\n<p>Der M\u00fchlenhof mit der Bagbander M\u00fchle liegt direkt an der deutschen Fehnroute. Nicht nur f\u00fcr Radwanderer und Touristen ist er ein ideales Ziel echt ostfriesischer Gastlichkeit.<br \/>\nKlicken Sie <a href=\"https:\/\/www.muehlenhof-bagband.de\/\" target=\"_blank\" rel=\"noopener\">hier<\/a>, um auf den Internetauftritt des Bagbander M\u00fchlenhofs zu gelangen.<br \/>\nBagband wird auch als &#8222;Bierdorf&#8220; bezeichnet, da sich hier eine historische Landbrauerei mit Brauhaus befindet, welche das &#8222;Ostfriesen Br\u00e4u&#8220; herstellt. Neben einer Brauereif\u00fchrung\u00a0gibt es auch die M\u00f6glichkeit, sich nach einer Radtour in der <a href=\"https:\/\/www.ostfriesenbraeu.de\/#\" target=\"_blank\" rel=\"noopener\">Gastst\u00e4tte oder im Biergarten<\/a> gem\u00fctlich zu machen.<\/p>\n<h2><span style=\"text-decoration: underline;\"><strong>Teestube Eiland:<\/strong><\/span><\/h2>\n<p>In Westgro\u00dfefehn bietet Ihnen die Teestube Eiland in historischem Ambiente frisch gebackene, saisonale und regionale Kuchen und Torten.<br \/>\nMehr Infos erhalten Sie auf der <a href=\"https:\/\/teestube-eiland.de\/\" target=\"_blank\" rel=\"noopener\">Internetseite der Teestube Eiland<\/a>.<\/p>\n<h2><span style=\"text-decoration: underline;\"><strong>Paddel &amp; Pedal:<\/strong><\/span><\/h2>\n<p>Bspw. in Timmel haben Sie die M\u00f6glichkeit, diverse &#8222;Paddel &amp; Pedal&#8220; Tagesausfl\u00fcge zu unternehmen,\u00a0 die Sie sich <a href=\"https:\/\/www.suedliches-ostfriesland.de\/sehenswuerdigkeiten\/paddel-und-pedalstation-am-timmler-meer-grossefehn-timmel\" target=\"_blank\" rel=\"noopener\">hier <\/a>anschauen k\u00f6nnen.<\/p>\n<h2><span style=\"text-decoration: underline;\"><strong>Fahrt mit der MS Gretje:<\/strong><\/span><\/h2>\n<p>Fahren Sie mit dem Fahrgastschiff &#8222;<a href=\"https:\/\/www.grossefehn-tourismus.de\/erleben\/wasseraktivitaeten\/ms-gretje\" target=\"_blank\" rel=\"noopener\">MS Gretje<\/a>&#8220; auf dem Fehntjer Tief und genie\u00dfen Sie die prachtvolle Natur.<\/p>\n<h2><span style=\"text-decoration: underline;\"><strong>Wiesmoor &#8211; &#8222;Die Bl\u00fcte Ostfrieslands&#8220;:<\/strong><\/span><\/h2>\n<p>Entdecken Sie Wiesmoor, die Bl\u00fcte Ostfrieslands. Auf der <a href=\"https:\/\/www.tourismus-wiesmoor.de\/index.php?sid=1005&amp;ses=2b6a933b4862614f3f9fa729dbd747d6\" target=\"_blank\" rel=\"noopener\">Tourismus-Wiesmoor Seite\u00a0<\/a>werden Ihnen einige Aktivit\u00e4ten, wie der Besuch des Torf- und Siedlungsmuseums oder der Blumenhalle geboten. Auch zu dem bekannten <a href=\"https:\/\/www.tourismus-wiesmoor.de\/bluetenfest\" target=\"_blank\" rel=\"noopener\">Wiesmoorer Bl\u00fctenfest<\/a>, zu dem allj\u00e4hrlich viele G\u00e4ste anreisen, finden Sie hier weitere Informationen.<\/p>\n","protected":false},"excerpt":{"rendered":"<p>Ausfl\u00fcge mit dem Fahrrad: Grenzenlos aktiv im Nordwesten Schauen Sie sich die Seite Grenzenlos aktiv im Nordwesten f\u00fcr viele Infos zu Radtouren etc. an! M\u00fchlenhof mit der Bagbander M\u00fchle &amp; Ostfriesen Br\u00e4u: Der M\u00fchlenhof mit der Bagbander M\u00fchle liegt direkt an der deutschen Fehnroute. Nicht nur f\u00fcr Radwanderer und Touristen ist er ein ideales Ziel [&hellip;]<\/p>\n","protected":false},"author":1,"featured_media":0,"parent":44,"menu_order":0,"comment_status":"closed","ping_status":"closed","template":"","meta":{"_exactmetrics_skip_tracking":false,"_exactmetrics_sitenote_active":false,"_exactmetrics_sitenote_note":"","_exactmetrics_sitenote_category":0,"jetpack_post_was_ever_published":false,"footnotes":""},"class_list":["post-272","page","type-page","status-publish","hentry"],"aioseo_notices":[],"jetpack_sharing_enabled":false,"jetpack_shortlink":"https:\/\/wp.me\/P69lNu-4o","jetpack-related-posts":[],"_links":{"self":[{"href":"https:\/\/fewoschoon.de\/index.php?rest_route=\/wp\/v2\/pages\/272","targetHints":{"allow":["GET"]}}],"collection":[{"href":"https:\/\/fewoschoon.de\/index.php?rest_route=\/wp\/v2\/pages"}],"about":[{"href":"https:\/\/fewoschoon.de\/index.php?rest_route=\/wp\/v2\/types\/page"}],"author":[{"embeddable":true,"href":"https:\/\/fewoschoon.de\/index.php?rest_route=\/wp\/v2\/users\/1"}],"replies":[{"embeddable":true,"href":"https:\/\/fewoschoon.de\/index.php?rest_route=%2Fwp%2Fv2%2Fcomments&post=272"}],"version-history":[{"count":21,"href":"https:\/\/fewoschoon.de\/index.php?rest_route=\/wp\/v2\/pages\/272\/revisions"}],"predecessor-version":[{"id":763,"href":"https:\/\/fewoschoon.de\/index.php?rest_route=\/wp\/v2\/pages\/272\/revisions\/763"}],"up":[{"embeddable":true,"href":"https:\/\/fewoschoon.de\/index.php?rest_route=\/wp\/v2\/pages\/44"}],"wp:attachment":[{"href":"https:\/\/fewoschoon.de\/index.php?rest_route=%2Fwp%2Fv2%2Fmedia&parent=272"}],"curies":[{"name":"wp","href":"https:\/\/api.w.org\/{rel}","templated":true}]}}