{"id":277,"date":"2015-05-18T13:46:57","date_gmt":"2015-05-18T11:46:57","guid":{"rendered":"http:\/\/fewoschoon.de\/?page_id=277"},"modified":"2021-07-08T15:46:55","modified_gmt":"2021-07-08T13:46:55","slug":"angeln-2","status":"publish","type":"page","link":"https:\/\/fewoschoon.de\/?page_id=277","title":{"rendered":"Angeln"},"content":{"rendered":"<h1><span style=\"text-decoration: underline;\">Moin! Planen\u00a0Sie eine sch\u00f6ne Angeltour in Ostfriesland!<\/span><\/h1>\n<p>Ostfriesland ist ein Angler-Paradies! Ob Hecht, Zander, Aal, Karpfen oder Wei\u00dffisch, alles ist m\u00f6glich in Ostfrieslands &#8222;Tiefs&#8220;, Kieskuhlen und nat\u00fcrlichen Seen. Sei es Ansitz- oder Spinnfischen, hier haben Sie die Aussicht auf gro\u00dfe F\u00e4nge!<\/p>\n<p><br \/>Es besteht die M\u00f6glichkeit, bei uns, quasi direkt vor der Haust\u00fcr unentgeltlich zu angeln, da dieses Teilst\u00fcck nicht dem BVO obliegt.<\/p>\n<p><br \/>Auf dieser Seite finden Sie Informationen zum <a href=\"https:\/\/www.grossefehn-tourismus.de\/erleben\/wasseraktivitaeten\/angeln-in-grossefehn\" target=\"_blank\" rel=\"noopener\">&#8222;Angeln in Gro\u00dfefehn&#8220;<\/a><\/p>\n<p><br \/>F\u00fcr viele angelscheinpflichtige Gew\u00e4sser gibt es in unmittelbarer N\u00e4he, in Mittegro\u00dfefehn, den\u00a0<a href=\"https:\/\/www.renkenundescher.de\/\" target=\"_blank\" rel=\"noopener\">Freizeitmarkt Renken &amp; Escher<\/a>, bei dem man Tages- oder Wochenkarten f\u00fcr BVO-Gew\u00e4sser kaufen kann. Neben vielen Tipps wird hier auch ein reichhaltiges Angebot an Angelzubeh\u00f6r und Naturk\u00f6dern geboten.\u00a0Der Preis f\u00fcr eine Tageskarte liegt bspw. bei 6,-\u20ac<\/p>\n<p>Schauen Sie sich einmal die <a href=\"https:\/\/bvo-emden.de\/karte\/\" target=\"_blank\" rel=\"noopener\">Gesamt\u00fcbersichtskarte der Gew\u00e4sser des BVO\u00b4s<\/a>\u00a0an!<br \/>Besondere F\u00e4nge mit Fotos\u00a0finden z.B.\u00a0auch auf den <a href=\"https:\/\/www.bvo-emden.de\/test-bfaenge\/\" target=\"_blank\" rel=\"noopener\">Seiten des BVO<\/a>\u00a0Erw\u00e4hnung.<\/p>\n<p>\u00a0<\/p>\n<h2><span style=\"text-decoration: underline;\">Forellenteich:<\/span><\/h2>\n<p>Ebenfalls in Mittegro\u00dfefehn bzw. Timmelerfeld befindet sich ein Forellenteich, f\u00fcr welchen man keinen Erlaubnisschein ben\u00f6tigt, sondern nur eine Geb\u00fchr entrichtet.<br \/>Navigation:\u00a0Reitplatzweg 7, 26629 Westgro\u00dfefehn-Timmelerfeld<br \/>Mehr Informationen finden Sie auch auf der Seite <a href=\"https:\/\/www.grossefehn-tourismus.de\/erleben\/wasseraktivitaeten\/angeln-in-grossefehn\">&#8222;Angeln in Gro\u00dfefehn&#8220;<\/a> <\/p>\n<p>In Moormerland\u00a0(etwa 20 Autominuten) gibt es den <a href=\"https:\/\/forellenteich-tergast.de.tl\/\" target=\"_blank\" rel=\"noopener\">Forellenteich Tergast<\/a>, in welchem scheinbar auch schon St\u00f6re, Welse und Hechte gefangen wurden.<\/p>\n<p>In Etzel gibt es den sehr sch\u00f6nen und gro\u00dfen\u00a0<a href=\"http:\/\/www.forellenhof-etzel.de\/\" target=\"_blank\" rel=\"noopener\">Forellenhof Etzel<\/a>, wo wir schon selbst einige Forellen landen konnten. Hier k\u00f6nnen neben Forellen auch Hechte, Zander, Aale, St\u00f6re und weitere Fischarten gefangen werden.<\/p>\n<p><strong>\u00a0<\/strong><\/p>\n<h2><span style=\"text-decoration: underline;\">Hochseeangeln:<\/span><\/h2>\n<p>Fahren Sie z.B. mit dem Fischkutter &#8222;<a href=\"http:\/\/www.wrackangeln.de\/albatros-bensersiel.0.html\" target=\"_blank\" rel=\"noopener\">FK-Albatros<\/a>&#8220; ab Bensersiel oder mit der &#8222;<a href=\"http:\/\/www.ms-freia.de\/\" target=\"_blank\" rel=\"noopener\">MS Freia<\/a>&#8220; ab Dornumersiel und fangen Sie Makrelen oder Dorsche!<\/p>\n\n\n<p><\/p>\n","protected":false},"excerpt":{"rendered":"<p>Moin! Planen\u00a0Sie eine sch\u00f6ne Angeltour in Ostfriesland! Ostfriesland ist ein Angler-Paradies! Ob Hecht, Zander, Aal, Karpfen oder Wei\u00dffisch, alles ist m\u00f6glich in Ostfrieslands &#8222;Tiefs&#8220;, Kieskuhlen und nat\u00fcrlichen Seen. Sei es Ansitz- oder Spinnfischen, hier haben Sie die Aussicht auf gro\u00dfe F\u00e4nge! Es besteht die M\u00f6glichkeit, bei uns, quasi direkt vor der Haust\u00fcr unentgeltlich zu angeln, [&hellip;]<\/p>\n","protected":false},"author":1,"featured_media":0,"parent":44,"menu_order":0,"comment_status":"closed","ping_status":"closed","template":"","meta":{"_exactmetrics_skip_tracking":false,"_exactmetrics_sitenote_active":false,"_exactmetrics_sitenote_note":"","_exactmetrics_sitenote_category":0,"jetpack_post_was_ever_published":false,"footnotes":""},"class_list":["post-277","page","type-page","status-publish","hentry"],"aioseo_notices":[],"jetpack_sharing_enabled":false,"jetpack_shortlink":"https:\/\/wp.me\/P69lNu-4t","jetpack-related-posts":[],"_links":{"self":[{"href":"https:\/\/fewoschoon.de\/index.php?rest_route=\/wp\/v2\/pages\/277","targetHints":{"allow":["GET"]}}],"collection":[{"href":"https:\/\/fewoschoon.de\/index.php?rest_route=\/wp\/v2\/pages"}],"about":[{"href":"https:\/\/fewoschoon.de\/index.php?rest_route=\/wp\/v2\/types\/page"}],"author":[{"embeddable":true,"href":"https:\/\/fewoschoon.de\/index.php?rest_route=\/wp\/v2\/users\/1"}],"replies":[{"embeddable":true,"href":"https:\/\/fewoschoon.de\/index.php?rest_route=%2Fwp%2Fv2%2Fcomments&post=277"}],"version-history":[{"count":23,"href":"https:\/\/fewoschoon.de\/index.php?rest_route=\/wp\/v2\/pages\/277\/revisions"}],"predecessor-version":[{"id":724,"href":"https:\/\/fewoschoon.de\/index.php?rest_route=\/wp\/v2\/pages\/277\/revisions\/724"}],"up":[{"embeddable":true,"href":"https:\/\/fewoschoon.de\/index.php?rest_route=\/wp\/v2\/pages\/44"}],"wp:attachment":[{"href":"https:\/\/fewoschoon.de\/index.php?rest_route=%2Fwp%2Fv2%2Fmedia&parent=277"}],"curies":[{"name":"wp","href":"https:\/\/api.w.org\/{rel}","templated":true}]}}