{"id":318,"date":"2015-05-18T16:23:54","date_gmt":"2015-05-18T14:23:54","guid":{"rendered":"http:\/\/fewoschoon.de\/?page_id=318"},"modified":"2024-12-18T11:19:18","modified_gmt":"2024-12-18T10:19:18","slug":"einkaufen","status":"publish","type":"page","link":"https:\/\/fewoschoon.de\/?page_id=318","title":{"rendered":"In der N\u00e4he"},"content":{"rendered":"<p><strong><span style=\"text-decoration: underline;\">Einkaufsm\u00f6glichkeiten etc. in unmittelbarer N\u00e4he, 1-10 Gehminuten<\/span><\/strong><\/p>\n<ul>\n<li>Lidl, Combi, Aldi, Edeka<\/li>\n<li>B\u00e4ckereien<\/li>\n<li>mehrere Restaurants, Imbiss, Pizzeria<\/li>\n<li>Sonnenstudio<\/li>\n<li>RVB und Sparkasse<\/li>\n<li>Arzt, Zahnarzt, Tierarzt, Apotheken, Optiker<\/li>\n<li>NKD, KIK<\/li>\n<li>Ostfriesland-Wanderweg<\/li>\n<li>in 300m Entfernung befindet sich ein Kinderspielplatz<\/li>\n<\/ul>\n<div class=\"tiled-gallery type-rectangular tiled-gallery-unresized\" data-original-width=\"500\" data-carousel-extra='{&quot;blog_id&quot;:1,&quot;permalink&quot;:&quot;https:\\\/\\\/fewoschoon.de\\\/?page_id=318&quot;,&quot;likes_blog_id&quot;:90886760}' itemscope itemtype=\"http:\/\/schema.org\/ImageGallery\" > <div class=\"gallery-row\" style=\"width: 500px; height: 251px;\" data-original-width=\"500\" data-original-height=\"251\" > <div class=\"gallery-group images-1\" style=\"width: 334px; height: 251px;\" data-original-width=\"334\" data-original-height=\"251\" > <div class=\"tiled-gallery-item tiled-gallery-item-large\" itemprop=\"associatedMedia\" itemscope itemtype=\"http:\/\/schema.org\/ImageObject\"> <a href=\"https:\/\/fewoschoon.de\/?attachment_id=239\" border=\"0\" itemprop=\"url\"> <meta itemprop=\"width\" content=\"330\"> <meta itemprop=\"height\" content=\"247\"> <img decoding=\"async\" class=\"\" data-attachment-id=\"239\" data-orig-file=\"https:\/\/fewoschoon.de\/wp-content\/uploads\/2015\/05\/Kanal2.jpg\" data-orig-size=\"3456,2592\" data-comments-opened=\"1\" data-image-meta=\"{&quot;aperture&quot;:&quot;3.3&quot;,&quot;credit&quot;:&quot;&quot;,&quot;camera&quot;:&quot;DMC-TZ5&quot;,&quot;caption&quot;:&quot;&quot;,&quot;created_timestamp&quot;:&quot;1431856196&quot;,&quot;copyright&quot;:&quot;&quot;,&quot;focal_length&quot;:&quot;4.7&quot;,&quot;iso&quot;:&quot;160&quot;,&quot;shutter_speed&quot;:&quot;0.0015625&quot;,&quot;title&quot;:&quot;&quot;,&quot;orientation&quot;:&quot;1&quot;}\" data-image-title=\"Gro\u00dfefehnkanal\" data-image-description=\"&lt;p&gt;Blick auf den Gro\u00dfefehnkanal, im Hintergrund das Pankokenschiff und der M\u00fchlenhof sowie die Windm\u00fchle&lt;\/p&gt; \" data-medium-file=\"https:\/\/fewoschoon.de\/wp-content\/uploads\/2015\/05\/Kanal2-300x225.jpg\" data-large-file=\"https:\/\/fewoschoon.de\/wp-content\/uploads\/2015\/05\/Kanal2-1024x768.jpg\" src=\"https:\/\/i0.wp.com\/fewoschoon.de\/wp-content\/uploads\/2015\/05\/Kanal2.jpg?w=330&#038;h=247&#038;ssl=1\" srcset=\"https:\/\/fewoschoon.de\/wp-content\/uploads\/2015\/05\/Kanal2.jpg 3456w, https:\/\/fewoschoon.de\/wp-content\/uploads\/2015\/05\/Kanal2-300x225.jpg 300w, https:\/\/fewoschoon.de\/wp-content\/uploads\/2015\/05\/Kanal2-1024x768.jpg 1024w\" width=\"330\" height=\"247\" loading=\"lazy\" data-original-width=\"330\" data-original-height=\"247\" itemprop=\"http:\/\/schema.org\/image\" title=\"Gro\u00dfefehnkanal\" alt=\"Blick auf den Gro\u00dfefehnkanal, im Hintergrund das Pankokenschiff und der M\u00fchlenhof sowie die Windm\u00fchle\" style=\"width: 330px; height: 247px;\" \/> <\/a> <div class=\"tiled-gallery-caption\" itemprop=\"caption description\"> Blick auf den Gro\u00dfefehnkanal <\/div> <\/div> <\/div> <!-- close group --> <div class=\"gallery-group images-2\" style=\"width: 166px; height: 251px;\" data-original-width=\"166\" data-original-height=\"251\" > <div class=\"tiled-gallery-item tiled-gallery-item-small\" itemprop=\"associatedMedia\" itemscope itemtype=\"http:\/\/schema.org\/ImageObject\"> <a href=\"https:\/\/fewoschoon.de\/?attachment_id=238\" border=\"0\" itemprop=\"url\"> <meta itemprop=\"width\" content=\"162\"> <meta itemprop=\"height\" content=\"122\"> <img decoding=\"async\" class=\"\" data-attachment-id=\"238\" data-orig-file=\"https:\/\/fewoschoon.de\/wp-content\/uploads\/2015\/05\/Kanal.jpg\" data-orig-size=\"3456,2592\" data-comments-opened=\"1\" data-image-meta=\"{&quot;aperture&quot;:&quot;8&quot;,&quot;credit&quot;:&quot;&quot;,&quot;camera&quot;:&quot;DMC-TZ5&quot;,&quot;caption&quot;:&quot;&quot;,&quot;created_timestamp&quot;:&quot;1431856317&quot;,&quot;copyright&quot;:&quot;&quot;,&quot;focal_length&quot;:&quot;4.7&quot;,&quot;iso&quot;:&quot;160&quot;,&quot;shutter_speed&quot;:&quot;0.004&quot;,&quot;title&quot;:&quot;&quot;,&quot;orientation&quot;:&quot;1&quot;}\" data-image-title=\"Gro\u00dfefehnkanal\" data-image-description=\"&lt;p&gt;Blick auf den Gro\u00dfefehnkanal, im Hintergrund zu sehen ist eine typische Br\u00fccke, wie sie in Ostfriesland h\u00e4ufig vorkommt&lt;\/p&gt; \" data-medium-file=\"https:\/\/fewoschoon.de\/wp-content\/uploads\/2015\/05\/Kanal-300x225.jpg\" data-large-file=\"https:\/\/fewoschoon.de\/wp-content\/uploads\/2015\/05\/Kanal-1024x768.jpg\" src=\"https:\/\/i0.wp.com\/fewoschoon.de\/wp-content\/uploads\/2015\/05\/Kanal.jpg?w=162&#038;h=122&#038;ssl=1\" srcset=\"https:\/\/fewoschoon.de\/wp-content\/uploads\/2015\/05\/Kanal.jpg 3456w, https:\/\/fewoschoon.de\/wp-content\/uploads\/2015\/05\/Kanal-300x225.jpg 300w, https:\/\/fewoschoon.de\/wp-content\/uploads\/2015\/05\/Kanal-1024x768.jpg 1024w\" width=\"162\" height=\"122\" loading=\"lazy\" data-original-width=\"162\" data-original-height=\"122\" itemprop=\"http:\/\/schema.org\/image\" title=\"Gro\u00dfefehnkanal\" alt=\"Ein Blick auf das Zentrum von Gro\u00dfefehn und den Kanal\" style=\"width: 162px; height: 122px;\" \/> <\/a> <div class=\"tiled-gallery-caption\" itemprop=\"caption description\"> Gro\u00dfefehnkanal, Zentrum <\/div> <\/div> <div class=\"tiled-gallery-item tiled-gallery-item-small\" itemprop=\"associatedMedia\" itemscope itemtype=\"http:\/\/schema.org\/ImageObject\"> <a href=\"https:\/\/fewoschoon.de\/?attachment_id=420\" border=\"0\" itemprop=\"url\"> <meta itemprop=\"width\" content=\"162\"> <meta itemprop=\"height\" content=\"121\"> <img decoding=\"async\" class=\"\" data-attachment-id=\"420\" data-orig-file=\"https:\/\/fewoschoon.de\/wp-content\/uploads\/2015\/07\/Schleuse.jpg\" data-orig-size=\"1728,1296\" data-comments-opened=\"\" data-image-meta=\"{&quot;aperture&quot;:&quot;3.3&quot;,&quot;credit&quot;:&quot;&quot;,&quot;camera&quot;:&quot;DMC-TZ5&quot;,&quot;caption&quot;:&quot;&quot;,&quot;created_timestamp&quot;:&quot;1431850274&quot;,&quot;copyright&quot;:&quot;&quot;,&quot;focal_length&quot;:&quot;4.7&quot;,&quot;iso&quot;:&quot;100&quot;,&quot;shutter_speed&quot;:&quot;0.001&quot;,&quot;title&quot;:&quot;&quot;,&quot;orientation&quot;:&quot;1&quot;}\" data-image-title=\"Schleuse\" data-image-description=\"\" data-medium-file=\"https:\/\/fewoschoon.de\/wp-content\/uploads\/2015\/07\/Schleuse-300x225.jpg\" data-large-file=\"https:\/\/fewoschoon.de\/wp-content\/uploads\/2015\/07\/Schleuse-1024x768.jpg\" src=\"https:\/\/i0.wp.com\/fewoschoon.de\/wp-content\/uploads\/2015\/07\/Schleuse.jpg?w=162&#038;h=121&#038;ssl=1\" srcset=\"https:\/\/fewoschoon.de\/wp-content\/uploads\/2015\/07\/Schleuse.jpg 1728w, https:\/\/fewoschoon.de\/wp-content\/uploads\/2015\/07\/Schleuse-300x225.jpg 300w, https:\/\/fewoschoon.de\/wp-content\/uploads\/2015\/07\/Schleuse-1024x768.jpg 1024w\" width=\"162\" height=\"121\" loading=\"lazy\" data-original-width=\"162\" data-original-height=\"121\" itemprop=\"http:\/\/schema.org\/image\" title=\"Schleuse\" alt=\"Schleuse\" style=\"width: 162px; height: 121px;\" \/> <\/a> <div class=\"tiled-gallery-caption\" itemprop=\"caption description\"> Schleuse <\/div> <\/div> <\/div> <!-- close group --> <\/div> <!-- close row --> <div class=\"gallery-row\" style=\"width: 500px; height: 251px;\" data-original-width=\"500\" data-original-height=\"251\" > <div class=\"gallery-group images-2\" style=\"width: 166px; height: 251px;\" data-original-width=\"166\" data-original-height=\"251\" > <div class=\"tiled-gallery-item tiled-gallery-item-small\" itemprop=\"associatedMedia\" itemscope itemtype=\"http:\/\/schema.org\/ImageObject\"> <a href=\"https:\/\/fewoschoon.de\/?attachment_id=419\" border=\"0\" itemprop=\"url\"> <meta itemprop=\"width\" content=\"162\"> <meta itemprop=\"height\" content=\"122\"> <img decoding=\"async\" class=\"\" data-attachment-id=\"419\" data-orig-file=\"https:\/\/fewoschoon.de\/wp-content\/uploads\/2015\/07\/Schleuse-2.jpg\" data-orig-size=\"1728,1296\" data-comments-opened=\"\" data-image-meta=\"{&quot;aperture&quot;:&quot;8&quot;,&quot;credit&quot;:&quot;&quot;,&quot;camera&quot;:&quot;DMC-TZ5&quot;,&quot;caption&quot;:&quot;&quot;,&quot;created_timestamp&quot;:&quot;1431856579&quot;,&quot;copyright&quot;:&quot;&quot;,&quot;focal_length&quot;:&quot;4.7&quot;,&quot;iso&quot;:&quot;100&quot;,&quot;shutter_speed&quot;:&quot;0.0025&quot;,&quot;title&quot;:&quot;&quot;,&quot;orientation&quot;:&quot;1&quot;}\" data-image-title=\"Schleuse 2\" data-image-description=\"\" data-medium-file=\"https:\/\/fewoschoon.de\/wp-content\/uploads\/2015\/07\/Schleuse-2-300x225.jpg\" data-large-file=\"https:\/\/fewoschoon.de\/wp-content\/uploads\/2015\/07\/Schleuse-2-1024x768.jpg\" src=\"https:\/\/i0.wp.com\/fewoschoon.de\/wp-content\/uploads\/2015\/07\/Schleuse-2.jpg?w=162&#038;h=122&#038;ssl=1\" srcset=\"https:\/\/fewoschoon.de\/wp-content\/uploads\/2015\/07\/Schleuse-2.jpg 1728w, https:\/\/fewoschoon.de\/wp-content\/uploads\/2015\/07\/Schleuse-2-300x225.jpg 300w, https:\/\/fewoschoon.de\/wp-content\/uploads\/2015\/07\/Schleuse-2-1024x768.jpg 1024w\" width=\"162\" height=\"122\" loading=\"lazy\" data-original-width=\"162\" data-original-height=\"122\" itemprop=\"http:\/\/schema.org\/image\" title=\"Schleuse 2\" alt=\"Schleuse\" style=\"width: 162px; height: 122px;\" \/> <\/a> <div class=\"tiled-gallery-caption\" itemprop=\"caption description\"> Schleuse <\/div> <\/div> <div class=\"tiled-gallery-item tiled-gallery-item-small\" itemprop=\"associatedMedia\" itemscope itemtype=\"http:\/\/schema.org\/ImageObject\"> <a href=\"https:\/\/fewoschoon.de\/?attachment_id=418\" border=\"0\" itemprop=\"url\"> <meta itemprop=\"width\" content=\"162\"> <meta itemprop=\"height\" content=\"121\"> <img decoding=\"async\" class=\"\" data-attachment-id=\"418\" data-orig-file=\"https:\/\/fewoschoon.de\/wp-content\/uploads\/2015\/07\/Kanalstrasse-Nord.jpg\" data-orig-size=\"1728,1296\" data-comments-opened=\"\" data-image-meta=\"{&quot;aperture&quot;:&quot;3.3&quot;,&quot;credit&quot;:&quot;&quot;,&quot;camera&quot;:&quot;DMC-TZ5&quot;,&quot;caption&quot;:&quot;&quot;,&quot;created_timestamp&quot;:&quot;1431850511&quot;,&quot;copyright&quot;:&quot;&quot;,&quot;focal_length&quot;:&quot;4.7&quot;,&quot;iso&quot;:&quot;100&quot;,&quot;shutter_speed&quot;:&quot;0.0015625&quot;,&quot;title&quot;:&quot;&quot;,&quot;orientation&quot;:&quot;1&quot;}\" data-image-title=\"Kanalstrasse Nord\" data-image-description=\"\" data-medium-file=\"https:\/\/fewoschoon.de\/wp-content\/uploads\/2015\/07\/Kanalstrasse-Nord-300x225.jpg\" data-large-file=\"https:\/\/fewoschoon.de\/wp-content\/uploads\/2015\/07\/Kanalstrasse-Nord-1024x768.jpg\" src=\"https:\/\/i0.wp.com\/fewoschoon.de\/wp-content\/uploads\/2015\/07\/Kanalstrasse-Nord.jpg?w=162&#038;h=121&#038;ssl=1\" srcset=\"https:\/\/fewoschoon.de\/wp-content\/uploads\/2015\/07\/Kanalstrasse-Nord.jpg 1728w, https:\/\/fewoschoon.de\/wp-content\/uploads\/2015\/07\/Kanalstrasse-Nord-300x225.jpg 300w, https:\/\/fewoschoon.de\/wp-content\/uploads\/2015\/07\/Kanalstrasse-Nord-1024x768.jpg 1024w\" width=\"162\" height=\"121\" loading=\"lazy\" data-original-width=\"162\" data-original-height=\"121\" itemprop=\"http:\/\/schema.org\/image\" title=\"Kanalstrasse Nord\" alt=\"Kanalstra\u00dfe Nord\" style=\"width: 162px; height: 121px;\" \/> <\/a> <div class=\"tiled-gallery-caption\" itemprop=\"caption description\"> Kanalstra\u00dfe Nord <\/div> <\/div> <\/div> <!-- close group --> <div class=\"gallery-group images-1\" style=\"width: 334px; height: 251px;\" data-original-width=\"334\" data-original-height=\"251\" > <div class=\"tiled-gallery-item tiled-gallery-item-large\" itemprop=\"associatedMedia\" itemscope itemtype=\"http:\/\/schema.org\/ImageObject\"> <a href=\"https:\/\/fewoschoon.de\/?attachment_id=237\" border=\"0\" itemprop=\"url\"> <meta itemprop=\"width\" content=\"330\"> <meta itemprop=\"height\" content=\"247\"> <img decoding=\"async\" class=\"\" data-attachment-id=\"237\" data-orig-file=\"https:\/\/fewoschoon.de\/wp-content\/uploads\/2015\/05\/Blick_auf_Muehle2.jpg\" data-orig-size=\"3456,2592\" data-comments-opened=\"1\" data-image-meta=\"{&quot;aperture&quot;:&quot;8&quot;,&quot;credit&quot;:&quot;&quot;,&quot;camera&quot;:&quot;DMC-TZ5&quot;,&quot;caption&quot;:&quot;&quot;,&quot;created_timestamp&quot;:&quot;1431855806&quot;,&quot;copyright&quot;:&quot;&quot;,&quot;focal_length&quot;:&quot;4.7&quot;,&quot;iso&quot;:&quot;100&quot;,&quot;shutter_speed&quot;:&quot;0.004&quot;,&quot;title&quot;:&quot;&quot;,&quot;orientation&quot;:&quot;1&quot;}\" data-image-title=\"Windm\u00fchle Gro\u00dfefehn\" data-image-description=\"&lt;p&gt;Blick auf die Windm\u00fchle in Ostgro\u00dfefehn, Zentrum von Ostgro\u00dfefehn, Marktplatz&lt;\/p&gt; \" data-medium-file=\"https:\/\/fewoschoon.de\/wp-content\/uploads\/2015\/05\/Blick_auf_Muehle2-300x225.jpg\" data-large-file=\"https:\/\/fewoschoon.de\/wp-content\/uploads\/2015\/05\/Blick_auf_Muehle2-1024x768.jpg\" src=\"https:\/\/i0.wp.com\/fewoschoon.de\/wp-content\/uploads\/2015\/05\/Blick_auf_Muehle2.jpg?w=330&#038;h=247&#038;ssl=1\" srcset=\"https:\/\/fewoschoon.de\/wp-content\/uploads\/2015\/05\/Blick_auf_Muehle2.jpg 3456w, https:\/\/fewoschoon.de\/wp-content\/uploads\/2015\/05\/Blick_auf_Muehle2-300x225.jpg 300w, https:\/\/fewoschoon.de\/wp-content\/uploads\/2015\/05\/Blick_auf_Muehle2-1024x768.jpg 1024w\" width=\"330\" height=\"247\" loading=\"lazy\" data-original-width=\"330\" data-original-height=\"247\" itemprop=\"http:\/\/schema.org\/image\" title=\"Windm\u00fchle Gro\u00dfefehn\" alt=\"Blick auf die Windm\u00fchle in Ostgro\u00dfefehn\" style=\"width: 330px; height: 247px;\" \/> <\/a> <div class=\"tiled-gallery-caption\" itemprop=\"caption description\"> Die Windm\u00fchle in Ostgro\u00dfefehn <\/div> <\/div> <\/div> <!-- close group --> <\/div> <!-- close row --> <div class=\"gallery-row\" style=\"width: 500px; height: 126px;\" data-original-width=\"500\" data-original-height=\"126\" > <div class=\"gallery-group images-1\" style=\"width: 167px; height: 126px;\" data-original-width=\"167\" data-original-height=\"126\" > <div class=\"tiled-gallery-item tiled-gallery-item-small\" itemprop=\"associatedMedia\" itemscope itemtype=\"http:\/\/schema.org\/ImageObject\"> <a href=\"https:\/\/fewoschoon.de\/?attachment_id=236\" border=\"0\" itemprop=\"url\"> <meta itemprop=\"width\" content=\"163\"> <meta itemprop=\"height\" content=\"122\"> <img decoding=\"async\" class=\"\" data-attachment-id=\"236\" data-orig-file=\"https:\/\/fewoschoon.de\/wp-content\/uploads\/2015\/05\/Blick_auf_Muehle.jpg\" data-orig-size=\"3456,2592\" data-comments-opened=\"1\" data-image-meta=\"{&quot;aperture&quot;:&quot;3.3&quot;,&quot;credit&quot;:&quot;&quot;,&quot;camera&quot;:&quot;DMC-TZ5&quot;,&quot;caption&quot;:&quot;&quot;,&quot;created_timestamp&quot;:&quot;1431856115&quot;,&quot;copyright&quot;:&quot;&quot;,&quot;focal_length&quot;:&quot;4.7&quot;,&quot;iso&quot;:&quot;100&quot;,&quot;shutter_speed&quot;:&quot;0.000769230769231&quot;,&quot;title&quot;:&quot;&quot;,&quot;orientation&quot;:&quot;1&quot;}\" data-image-title=\"Blick_auf_Muehle\" data-image-description=\"\" data-medium-file=\"https:\/\/fewoschoon.de\/wp-content\/uploads\/2015\/05\/Blick_auf_Muehle-300x225.jpg\" data-large-file=\"https:\/\/fewoschoon.de\/wp-content\/uploads\/2015\/05\/Blick_auf_Muehle-1024x768.jpg\" src=\"https:\/\/i0.wp.com\/fewoschoon.de\/wp-content\/uploads\/2015\/05\/Blick_auf_Muehle.jpg?w=163&#038;h=122&#038;ssl=1\" srcset=\"https:\/\/fewoschoon.de\/wp-content\/uploads\/2015\/05\/Blick_auf_Muehle.jpg 3456w, https:\/\/fewoschoon.de\/wp-content\/uploads\/2015\/05\/Blick_auf_Muehle-300x225.jpg 300w, https:\/\/fewoschoon.de\/wp-content\/uploads\/2015\/05\/Blick_auf_Muehle-1024x768.jpg 1024w\" width=\"163\" height=\"122\" loading=\"lazy\" data-original-width=\"163\" data-original-height=\"122\" itemprop=\"http:\/\/schema.org\/image\" title=\"Blick_auf_Muehle\" alt=\"Der M\u00fchlenhof und das Pannkoeken-Schipp Antje\" style=\"width: 163px; height: 122px;\" \/> <\/a> <div class=\"tiled-gallery-caption\" itemprop=\"caption description\"> Der M\u00fchlenhof und das Pannkoeken-Schipp Antje <\/div> <\/div> <\/div> <!-- close group --> <div class=\"gallery-group images-1\" style=\"width: 167px; height: 126px;\" data-original-width=\"167\" data-original-height=\"126\" > <div class=\"tiled-gallery-item tiled-gallery-item-small\" itemprop=\"associatedMedia\" itemscope itemtype=\"http:\/\/schema.org\/ImageObject\"> <a href=\"https:\/\/fewoschoon.de\/?attachment_id=235\" border=\"0\" itemprop=\"url\"> <meta itemprop=\"width\" content=\"163\"> <meta itemprop=\"height\" content=\"122\"> <img decoding=\"async\" class=\"\" data-attachment-id=\"235\" data-orig-file=\"https:\/\/fewoschoon.de\/wp-content\/uploads\/2015\/05\/Blick_auf_Huehnerbruecke.jpg\" data-orig-size=\"3456,2592\" data-comments-opened=\"1\" data-image-meta=\"{&quot;aperture&quot;:&quot;8&quot;,&quot;credit&quot;:&quot;&quot;,&quot;camera&quot;:&quot;DMC-TZ5&quot;,&quot;caption&quot;:&quot;&quot;,&quot;created_timestamp&quot;:&quot;1431855536&quot;,&quot;copyright&quot;:&quot;&quot;,&quot;focal_length&quot;:&quot;4.7&quot;,&quot;iso&quot;:&quot;100&quot;,&quot;shutter_speed&quot;:&quot;0.004&quot;,&quot;title&quot;:&quot;&quot;,&quot;orientation&quot;:&quot;1&quot;}\" data-image-title=\"Blick_auf_Huehnerbruecke\" data-image-description=\"\" data-medium-file=\"https:\/\/fewoschoon.de\/wp-content\/uploads\/2015\/05\/Blick_auf_Huehnerbruecke-300x225.jpg\" data-large-file=\"https:\/\/fewoschoon.de\/wp-content\/uploads\/2015\/05\/Blick_auf_Huehnerbruecke-1024x768.jpg\" src=\"https:\/\/i0.wp.com\/fewoschoon.de\/wp-content\/uploads\/2015\/05\/Blick_auf_Huehnerbruecke.jpg?w=163&#038;h=122&#038;ssl=1\" srcset=\"https:\/\/fewoschoon.de\/wp-content\/uploads\/2015\/05\/Blick_auf_Huehnerbruecke.jpg 3456w, https:\/\/fewoschoon.de\/wp-content\/uploads\/2015\/05\/Blick_auf_Huehnerbruecke-300x225.jpg 300w, https:\/\/fewoschoon.de\/wp-content\/uploads\/2015\/05\/Blick_auf_Huehnerbruecke-1024x768.jpg 1024w\" width=\"163\" height=\"122\" loading=\"lazy\" data-original-width=\"163\" data-original-height=\"122\" itemprop=\"http:\/\/schema.org\/image\" title=\"Blick_auf_Huehnerbruecke\" alt=\"Blick auf den Gro\u00dfefehnkanal, circa 200m entfernt\" style=\"width: 163px; height: 122px;\" \/> <\/a> <div class=\"tiled-gallery-caption\" itemprop=\"caption description\"> Blick auf den Gro\u00dfefehnkanal, circa 200m entfernt <\/div> <\/div> <\/div> <!-- close group --> <div class=\"gallery-group images-1\" style=\"width: 166px; height: 126px;\" data-original-width=\"166\" data-original-height=\"126\" > <div class=\"tiled-gallery-item tiled-gallery-item-small\" itemprop=\"associatedMedia\" itemscope itemtype=\"http:\/\/schema.org\/ImageObject\"> <a href=\"https:\/\/fewoschoon.de\/?attachment_id=410\" border=\"0\" itemprop=\"url\"> <meta itemprop=\"width\" content=\"162\"> <meta itemprop=\"height\" content=\"122\"> <img decoding=\"async\" class=\"\" data-attachment-id=\"410\" data-orig-file=\"https:\/\/fewoschoon.de\/wp-content\/uploads\/2015\/07\/Blick-auf-den-Kanal.jpg\" data-orig-size=\"1728,1296\" data-comments-opened=\"\" data-image-meta=\"{&quot;aperture&quot;:&quot;8&quot;,&quot;credit&quot;:&quot;&quot;,&quot;camera&quot;:&quot;DMC-TZ5&quot;,&quot;caption&quot;:&quot;&quot;,&quot;created_timestamp&quot;:&quot;1431850129&quot;,&quot;copyright&quot;:&quot;&quot;,&quot;focal_length&quot;:&quot;4.7&quot;,&quot;iso&quot;:&quot;160&quot;,&quot;shutter_speed&quot;:&quot;0.0025&quot;,&quot;title&quot;:&quot;&quot;,&quot;orientation&quot;:&quot;1&quot;}\" data-image-title=\"Blick auf den Kanal\" data-image-description=\"\" data-medium-file=\"https:\/\/fewoschoon.de\/wp-content\/uploads\/2015\/07\/Blick-auf-den-Kanal-300x225.jpg\" data-large-file=\"https:\/\/fewoschoon.de\/wp-content\/uploads\/2015\/07\/Blick-auf-den-Kanal-1024x768.jpg\" src=\"https:\/\/i0.wp.com\/fewoschoon.de\/wp-content\/uploads\/2015\/07\/Blick-auf-den-Kanal.jpg?w=162&#038;h=122&#038;ssl=1\" srcset=\"https:\/\/fewoschoon.de\/wp-content\/uploads\/2015\/07\/Blick-auf-den-Kanal.jpg 1728w, https:\/\/fewoschoon.de\/wp-content\/uploads\/2015\/07\/Blick-auf-den-Kanal-300x225.jpg 300w, https:\/\/fewoschoon.de\/wp-content\/uploads\/2015\/07\/Blick-auf-den-Kanal-1024x768.jpg 1024w\" width=\"162\" height=\"122\" loading=\"lazy\" data-original-width=\"162\" data-original-height=\"122\" itemprop=\"http:\/\/schema.org\/image\" title=\"Blick auf den Kanal\" alt=\"Blick auf den Gro\u00dfefehnkanal\" style=\"width: 162px; height: 122px;\" \/> <\/a> <div class=\"tiled-gallery-caption\" itemprop=\"caption description\"> Blick auf den Gro\u00dfefehnkanal <\/div> <\/div> <\/div> <!-- close group --> <\/div> <!-- close row --> <\/div>\n","protected":false},"excerpt":{"rendered":"<p>Einkaufsm\u00f6glichkeiten etc. in unmittelbarer N\u00e4he, 1-10 Gehminuten Lidl, Combi, Aldi, Edeka B\u00e4ckereien mehrere Restaurants, Imbiss, Pizzeria Sonnenstudio RVB und Sparkasse Arzt, Zahnarzt, Tierarzt, Apotheken, Optiker NKD, KIK Ostfriesland-Wanderweg in 300m Entfernung befindet sich ein Kinderspielplatz<\/p>\n","protected":false},"author":1,"featured_media":0,"parent":127,"menu_order":0,"comment_status":"closed","ping_status":"closed","template":"","meta":{"_exactmetrics_skip_tracking":false,"_exactmetrics_sitenote_active":false,"_exactmetrics_sitenote_note":"","_exactmetrics_sitenote_category":0,"jetpack_post_was_ever_published":false,"footnotes":""},"class_list":["post-318","page","type-page","status-publish","hentry"],"aioseo_notices":[],"jetpack_sharing_enabled":false,"jetpack_shortlink":"https:\/\/wp.me\/P69lNu-58","jetpack-related-posts":[],"_links":{"self":[{"href":"https:\/\/fewoschoon.de\/index.php?rest_route=\/wp\/v2\/pages\/318","targetHints":{"allow":["GET"]}}],"collection":[{"href":"https:\/\/fewoschoon.de\/index.php?rest_route=\/wp\/v2\/pages"}],"about":[{"href":"https:\/\/fewoschoon.de\/index.php?rest_route=\/wp\/v2\/types\/page"}],"author":[{"embeddable":true,"href":"https:\/\/fewoschoon.de\/index.php?rest_route=\/wp\/v2\/users\/1"}],"replies":[{"embeddable":true,"href":"https:\/\/fewoschoon.de\/index.php?rest_route=%2Fwp%2Fv2%2Fcomments&post=318"}],"version-history":[{"count":12,"href":"https:\/\/fewoschoon.de\/index.php?rest_route=\/wp\/v2\/pages\/318\/revisions"}],"predecessor-version":[{"id":905,"href":"https:\/\/fewoschoon.de\/index.php?rest_route=\/wp\/v2\/pages\/318\/revisions\/905"}],"up":[{"embeddable":true,"href":"https:\/\/fewoschoon.de\/index.php?rest_route=\/wp\/v2\/pages\/127"}],"wp:attachment":[{"href":"https:\/\/fewoschoon.de\/index.php?rest_route=%2Fwp%2Fv2%2Fmedia&parent=318"}],"curies":[{"name":"wp","href":"https:\/\/api.w.org\/{rel}","templated":true}]}}