{"id":509,"date":"2016-09-25T19:47:57","date_gmt":"2016-09-25T17:47:57","guid":{"rendered":"http:\/\/fewoschoon.de\/?page_id=509"},"modified":"2016-09-25T19:52:23","modified_gmt":"2016-09-25T17:52:23","slug":"gaestebuch","status":"publish","type":"page","link":"https:\/\/fewoschoon.de\/?page_id=509","title":{"rendered":"G\u00e4stebuch"},"content":{"rendered":"<div class=\"gwolle-gb\"><div class=\"gwolle_gb_messages_top_container\"><\/div>\n\t\t\t<div class=\"gwolle-gb-write-button\">\n\t\t\t\t<input type=\"button\" name=\"gwolle-gb-write-button\" class=\"button btn btn-default \" value=\"Neuen Eintrag schreiben\" \/>\n\t\t\t<\/div>\n\t\t\t<form action=\"#\" method=\"POST\" class=\"gwolle-gb-write gwolle-gb-hide gwolle-gb-float gwolle_gb_form_ajax gwolle-gb-form-ajax gwolle-gb-ajax gwolle-gb-not-logged-in\">\n\t\t\t\t<h3>Einen neuen Eintrag f\u00fcr das G\u00e4stebuch schreiben<\/h3>\n\t\t\t\t<button type=\"button\" class=\"gb-notice-dismiss\">x<span class=\"screen-reader-text\">Dieses Formular ausblenden<\/span><\/button>\n\t\t\t\n\t\t\t\t<input type=\"hidden\" name=\"gwolle_gb_function\" class=\"gwolle_gb_function\" value=\"add_entry\" \/><input type=\"hidden\" name=\"gwolle_gb_book_id\" class=\"gwolle_gb_book_id\" value=\"1\" \/><div class=\"gwolle_gb_78aa53bf11aabf2bde75514b222aaffb\">\n\t\t\t\t<div class=\"label\"><label for=\"gwolle_gb_78aa53bf11aabf2bde75514b222aaffb-1\" class=\"text-info\">Name <span class=\"required\">*<\/span><\/label><\/div>\n\t\t\t\t<div class=\"input\"><input class=\"wp-exclude-emoji gwolle_gb_78aa53bf11aabf2bde75514b222aaffb\" value=\"\" type=\"text\" id=\"gwolle_gb_78aa53bf11aabf2bde75514b222aaffb-1\" name=\"gwolle_gb_78aa53bf11aabf2bde75514b222aaffb\" required \/><\/div>\n\t\t\t\t<div class=\"clearBoth\">&nbsp;<\/div>\n\t\t\t<\/div><div class=\"gwolle_gb_8d815a296d9028e82c33f38dc6b1aaa9\">\n\t\t\t\t\t<div class=\"label\"><label for=\"gwolle_gb_8d815a296d9028e82c33f38dc6b1aaa9-1\" class=\"text-info\">Ort<\/label><\/div>\n\t\t\t\t\t<div class=\"input\"><input class=\"wp-exclude-emoji gwolle_gb_8d815a296d9028e82c33f38dc6b1aaa9\" value=\"\" type=\"text\" id=\"gwolle_gb_8d815a296d9028e82c33f38dc6b1aaa9-1\" name=\"gwolle_gb_8d815a296d9028e82c33f38dc6b1aaa9\" \/><\/div>\n\t\t\t\t\t<div class=\"clearBoth\">&nbsp;<\/div>\n\t\t\t\t<\/div><div class=\"gwolle_gb_2eb5fc236dc5a3c90c7ea85d36268138\">\n\t\t\t\t<div class=\"label\"><label for=\"gwolle_gb_2eb5fc236dc5a3c90c7ea85d36268138-1\" class=\"text-info\">E-Mail <span class=\"required\">*<\/span><\/label><\/div>\n\t\t\t\t<div class=\"input\"><input class=\"gwolle_gb_2eb5fc236dc5a3c90c7ea85d36268138\" value=\"\" type=\"email\" id=\"gwolle_gb_2eb5fc236dc5a3c90c7ea85d36268138-1\" name=\"gwolle_gb_2eb5fc236dc5a3c90c7ea85d36268138\" required \/><\/div>\n\t\t\t\t<div class=\"clearBoth\">&nbsp;<\/div>\n\t\t\t<\/div><div class=\"gwolle_gb_d48e65ccba1106413453b76fff3d7879\">\n\t\t\t\t<div class=\"label\"><label for=\"gwolle_gb_d48e65ccba1106413453b76fff3d7879-1\" class=\"text-info\">Website<\/label><\/div>\n\t\t\t\t<div class=\"input\"><input class=\"gwolle_gb_d48e65ccba1106413453b76fff3d7879\" value=\"\" type=\"url\" id=\"gwolle_gb_d48e65ccba1106413453b76fff3d7879-1\" name=\"gwolle_gb_d48e65ccba1106413453b76fff3d7879\" \/><\/div>\n\t\t\t\t<div class=\"clearBoth\">&nbsp;<\/div>\n\t\t\t<\/div>\n\t\t\t<div class=\"gwolle_gb_84b08c26a448f9baa5e34dc18790c39c\" style=\"display:none;overflow:hidden;\" hidden=\"true\" aria-hidden=\"true\">\n\t\t\t\t<div class=\"label\">\n\t\t\t\t\t<label for=\"gwolle_gb_84b08c26a448f9baa5e34dc18790c39c-1\" class=\"text-primary\">Hier nichts eingeben<\/label>\n\t\t\t\t\t<label for=\"gwolle_gb_ee827e1d7f0b0c9bc273dab3fb9c5c2b-1\" class=\"text-primary\">Hier nichts eingeben<\/label>\n\t\t\t\t<\/div>\n\t\t\t\t<div class=\"input\">\n\t\t\t\t\t<input value=\"21\" type=\"text\" id=\"gwolle_gb_84b08c26a448f9baa5e34dc18790c39c-1\" name=\"gwolle_gb_84b08c26a448f9baa5e34dc18790c39c\" class=\"gwolle_gb_84b08c26a448f9baa5e34dc18790c39c\" style=\"transform: translateY(10000px);\" \/>\n\t\t\t\t\t<input value=\"\" type=\"text\" name=\"gwolle_gb_ee827e1d7f0b0c9bc273dab3fb9c5c2b\" id=\"gwolle_gb_ee827e1d7f0b0c9bc273dab3fb9c5c2b-1\" class=\"gwolle_gb_ee827e1d7f0b0c9bc273dab3fb9c5c2b\" style=\"transform: translateY(10000px);\" \/>\n\t\t\t\t<\/div>\n\t\t\t\t<div class=\"clearBoth\"><\/div>\n\t\t\t<\/div>\n\t\t\t<div class=\"gwolle_gb_006598ca9d405d8b951fc1b7639bf8f4\" style=\"display:none;overflow:hidden;\" hidden=\"true\" aria-hidden=\"true\">\n\t\t\t\t<div class=\"label\">\n\t\t\t\t\t<label for=\"gwolle_gb_006598ca9d405d8b951fc1b7639bf8f4-1\" class=\"text-primary\">Hier nichts eingeben<\/label>\n\t\t\t\t\t<label for=\"gwolle_gb_d4802d08bc1e3214e5efd53dec2576b4-1\" class=\"text-primary\">Hier nichts eingeben<\/label>\n\t\t\t\t<\/div>\n\t\t\t\t<div class=\"input\">\n\t\t\t\t\t<input value=\"53343\" type=\"text\" id=\"gwolle_gb_006598ca9d405d8b951fc1b7639bf8f4-1\" name=\"gwolle_gb_006598ca9d405d8b951fc1b7639bf8f4\" class=\"gwolle_gb_006598ca9d405d8b951fc1b7639bf8f4\" style=\"transform: translateY(10000px);\" \/>\n\t\t\t\t\t<input value=\"53343\" type=\"text\"id=\"gwolle_gb_d4802d08bc1e3214e5efd53dec2576b4-1\" name=\"gwolle_gb_d4802d08bc1e3214e5efd53dec2576b4\" class=\"gwolle_gb_d4802d08bc1e3214e5efd53dec2576b4\" style=\"transform: translateY(10000px);\" \/>\n\t\t\t\t<\/div>\n\t\t\t\t<div class=\"clearBoth\"><\/div>\n\t\t\t<\/div><div class=\"gwolle_gb_content\">\n\t\t\t\t<div class=\"label\"><label for=\"gwolle_gb_content-1\" class=\"text-info\">G\u00e4stebucheintrag <span class=\"required\">*<\/span><\/label><\/div>\n\t\t\t\t<div class=\"input\"><textarea id=\"gwolle_gb_content-1\" name=\"gwolle_gb_content\" class=\"gwolle_gb_content wp-exclude-emoji\" required ><\/textarea><\/div>\n\t\t\t\t\t<div class=\"clearBoth\">&nbsp;<\/div>\n\t\t\t\t<\/div><input type=\"hidden\" class=\"gwolle_gb_929276d35ca4488b3474a820b61560d8\" id=\"gwolle_gb_929276d35ca4488b3474a820b61560d8-1\" name=\"gwolle_gb_929276d35ca4488b3474a820b61560d8\" value=\"4fc59907e5\" \/>\n\t\t\t<div class=\"gwolle_gb_messages_bottom_container\"><\/div>\n\n\t\t\t<noscript><div class=\"no-js\">Warnung: Dieses Formular kann nur verwendet werden, wenn in deinem Browser JavaScript aktiviert ist.<\/div><\/noscript>\n\n\t\t\t<div class=\"gwolle_gb_submit\">\n\t\t\t\t<div class=\"label gwolle-gb-invisible text-muted\">&nbsp;<\/div>\n\t\t\t\t<div class=\"input\">\n\t\t\t\t\t<input type=\"submit\" name=\"gwolle_gb_submit\" class=\"gwolle_gb_submit button btn btn-primary \" value=\"Absenden\" \/>\n\t\t\t\t\t<span class=\"gwolle_gb_submit_ajax_icon\"><\/span>\n\t\t\t\n\t\t\t\t<\/div>\n\t\t\t\t<div class=\"clearBoth\">&nbsp;<\/div>\n\t\t\t<\/div>\n\n\t\t\t<div class=\"gwolle_gb_notice\">\n\t\t\t\tMit * gekennzeichnete Felder sind Pflichtfelder.<br \/>\r\nDie E-Mail-Adresse wird nicht ver\u00f6ffentlicht.<br \/>\r\nAus Sicherheitsgr\u00fcnden speichern wir die IP-Adresse 216.73.216.218.<br \/>\r\nEs k\u00f6nnte sein, dass der Eintrag im G\u00e4stebuch erst sichtbar ist, nachdem wir ihn gepr\u00fcft haben.<br \/>\r\nWir behalten uns das Recht vor, Eintr\u00e4ge zu bearbeiten, zu l\u00f6schen oder Eintr\u00e4ge nicht zu ver\u00f6ffentlichen.\n\t\t\t<\/div><\/form><div class=\"gwolle-gb-read gwolle-gb-ajax gwolle-gb-entries-list\" data-book_id=\"1\" data-page_id=\"1\">\n\t\t<div id=\"gwolle-gb-total\" class=\"gwolle-gb-total\">1 Eintrag<\/div><!-- Gwolle-GB Entry: Default Template Loaded -->\n\t\t\t\t<div class=\"gb-entry gb-entry_5 gb-entry-count_1 gwolle_gb_uneven gwolle-gb-uneven gwolle-gb-first\" data-entry_id=\"5\">\n\t\t\t\t<article>\n\t\t\t\t\t<div class=\"gb-author-info\">\n\t\t\t\t\t\t<span class=\"gb-author-avatar\"><img referrerpolicy=\"no-referrer\" alt='Heinsch' src='https:\/\/secure.gravatar.com\/avatar\/5d6acf57a3f23aed60d9ca82efc6eb1983003f67b8c962bfdc369d2f97bbf4a5?s=32&#038;d=mm&#038;r=g' srcset='https:\/\/secure.gravatar.com\/avatar\/5d6acf57a3f23aed60d9ca82efc6eb1983003f67b8c962bfdc369d2f97bbf4a5?s=64&#038;d=mm&#038;r=g 2x' class='avatar avatar-32 photo' height='32' width='32' \/><\/span>\n\t\t\t\t\t\t<span class=\"gb-author-name\">Heinsch\n\t\t\t\t\t\t<\/span>\n\t\t\t\t\t\t<span class=\"gb-author-origin\">\n\t\t\t\t\t\t\t<span class=\"gb-author-origin-from-text\"> aus<\/span>\n\t\t\t\t\t\t\t<span class=\"gb-author-origin-text\"> Holzwickede<\/span>\n\t\t\t\t\t\t<\/span>\n\t\t\t\t\t\t<span class=\"gb-datetime\">\n\t\t\t\t\t\t\t<span class=\"gb-date\"><span class=\"gb-date-wrote-text\"> schrieb am<\/span><span class=\"gb-date-text\"> 29. September 2016<\/span>\n\t\t\t\t\t\t\t<\/span><span class=\"gb-time\">\n\t\t\t\t\t\t\t\t\t<span class=\"gb-time-at-text\"> um<\/span>\n\t\t\t\t\t\t\t\t\t<span class=\"gb-time-text\"> 23:08<\/span>\n\t\t\t\t\t\t\t\t<\/span>\n\t\t\t\t\t\t<\/span> \n\t\t\t\t\t<\/div>\n\t\t\t\t\t<div class=\"gb-entry-content\">Als Fremde angereist und als Freunde nach Hause gefahren.\nEin Freundliches Ostfriesland und sehr Freundliche und  entgegen kommende Vermieter.\nEine wundersch\u00f6ne  September Woche haben wir in ihrer sch\u00f6nen Ferienwohnung verbringen d\u00fcrfen,volle Austattung was fehlte wurde nachgereicht..sogar 2 Super Messer aus der eigenen K\u00fcche...daf\u00fcr ein Danke Sch\u00f6n.\nGewiss werden wir sie in n\u00e4chten Jahr wieder aufsuchen.\nFreue mich dass sie auf meinen ``G\u00e4stebuch `` Tip gefolgt sind und wir uns als erste hier eintragen und Verevigen d\u00fcrfen.\nMit Freundlichen Gr\u00fcssen aus Holzwickde\n\t\t\t\t\t<\/div>\n\t\t\t\t<\/article>\n\t\t\t<\/div>\n\t\t\t<\/div><\/div>\n","protected":false},"excerpt":{"rendered":"","protected":false},"author":1,"featured_media":0,"parent":127,"menu_order":10,"comment_status":"closed","ping_status":"closed","template":"","meta":{"_exactmetrics_skip_tracking":false,"_exactmetrics_sitenote_active":false,"_exactmetrics_sitenote_note":"","_exactmetrics_sitenote_category":0,"jetpack_post_was_ever_published":false,"footnotes":""},"class_list":["post-509","page","type-page","status-publish","hentry"],"aioseo_notices":[],"jetpack_sharing_enabled":false,"jetpack_shortlink":"https:\/\/wp.me\/P69lNu-8d","jetpack-related-posts":[],"_links":{"self":[{"href":"https:\/\/fewoschoon.de\/index.php?rest_route=\/wp\/v2\/pages\/509","targetHints":{"allow":["GET"]}}],"collection":[{"href":"https:\/\/fewoschoon.de\/index.php?rest_route=\/wp\/v2\/pages"}],"about":[{"href":"https:\/\/fewoschoon.de\/index.php?rest_route=\/wp\/v2\/types\/page"}],"author":[{"embeddable":true,"href":"https:\/\/fewoschoon.de\/index.php?rest_route=\/wp\/v2\/users\/1"}],"replies":[{"embeddable":true,"href":"https:\/\/fewoschoon.de\/index.php?rest_route=%2Fwp%2Fv2%2Fcomments&post=509"}],"version-history":[{"count":2,"href":"https:\/\/fewoschoon.de\/index.php?rest_route=\/wp\/v2\/pages\/509\/revisions"}],"predecessor-version":[{"id":511,"href":"https:\/\/fewoschoon.de\/index.php?rest_route=\/wp\/v2\/pages\/509\/revisions\/511"}],"up":[{"embeddable":true,"href":"https:\/\/fewoschoon.de\/index.php?rest_route=\/wp\/v2\/pages\/127"}],"wp:attachment":[{"href":"https:\/\/fewoschoon.de\/index.php?rest_route=%2Fwp%2Fv2%2Fmedia&parent=509"}],"curies":[{"name":"wp","href":"https:\/\/api.w.org\/{rel}","templated":true}]}}