{"id":52,"date":"2015-05-13T10:15:20","date_gmt":"2015-05-13T08:15:20","guid":{"rendered":"http:\/\/fewoschoon.de\/?page_id=52"},"modified":"2015-06-25T11:20:22","modified_gmt":"2015-06-25T09:20:22","slug":"anfahrt","status":"publish","type":"page","link":"https:\/\/fewoschoon.de\/?page_id=52","title":{"rendered":"Anfahrt"},"content":{"rendered":"<p>So finden Sie zu uns!<\/p>\n<p>Vergr\u00f6\u00dfern oder verkleinern Sie den Kartenausschnitt einfach, indem Sie auf das &#8222;+&#8220; oder &#8222;-&#8220; dr\u00fccken bzw. das Mausrad nach unten oder oben bewegen.<\/p>\n<div id=\"wpgmza_map\" class=\"wpgmza_map\" data-settings='{\"id\":\"1\",\"map_title\":\"Anfahrtsskizze\",\"map_width\":\"100\",\"map_height\":\"400\",\"map_start_lat\":\"53.402225\",\"map_start_lng\":\"7.596220\",\"map_start_location\":\"53.40222477487523,7.596220201049837\",\"map_start_zoom\":\"15\",\"default_marker\":\"0\",\"type\":\"3\",\"alignment\":\"1\",\"directions_enabled\":\"1\",\"styling_enabled\":\"0\",\"styling_json\":\"\",\"active\":\"0\",\"kml\":\"\",\"bicycle\":\"0\",\"traffic\":\"0\",\"dbox\":\"1\",\"dbox_width\":\"250\",\"listmarkers\":\"0\",\"listmarkers_advanced\":\"0\",\"filterbycat\":\"0\",\"ugm_enabled\":\"0\",\"ugm_category_enabled\":\"0\",\"fusion\":\"\",\"map_width_type\":\"\\\\%\",\"map_height_type\":\"px\",\"mass_marker_support\":\"1\",\"ugm_access\":\"0\",\"order_markers_by\":\"1\",\"order_markers_choice\":\"2\",\"show_user_location\":\"0\",\"default_to\":\"\",\"other_settings\":{\"store_locator_enabled\":2,\"store_locator_distance\":2,\"store_locator_bounce\":1,\"store_locator_query_string\":\"ZIP \\\/ Address:\",\"wpgmza_store_locator_restrict\":\"\",\"map_max_zoom\":\"3\",\"transport_layer\":0}}' data-map-id='1' Data-maps-engine='google-maps' data-shortcode-attributes='{\"id\":\"1\"}' style=\"display:block; overflow:auto; width:100%; height:400px; float:left;\"><\/div>\n","protected":false},"excerpt":{"rendered":"<p>So finden Sie zu uns! Vergr\u00f6\u00dfern oder verkleinern Sie den Kartenausschnitt einfach, indem Sie auf das &#8222;+&#8220; oder &#8222;-&#8220; dr\u00fccken bzw. das Mausrad nach unten oder oben bewegen.<\/p>\n","protected":false},"author":1,"featured_media":0,"parent":0,"menu_order":6,"comment_status":"open","ping_status":"open","template":"","meta":{"_exactmetrics_skip_tracking":false,"_exactmetrics_sitenote_active":false,"_exactmetrics_sitenote_note":"","_exactmetrics_sitenote_category":0,"jetpack_post_was_ever_published":false,"footnotes":""},"class_list":["post-52","page","type-page","status-publish","hentry"],"aioseo_notices":[],"jetpack_sharing_enabled":true,"jetpack_shortlink":"https:\/\/wp.me\/P69lNu-Q","jetpack-related-posts":[],"_links":{"self":[{"href":"https:\/\/fewoschoon.de\/index.php?rest_route=\/wp\/v2\/pages\/52","targetHints":{"allow":["GET"]}}],"collection":[{"href":"https:\/\/fewoschoon.de\/index.php?rest_route=\/wp\/v2\/pages"}],"about":[{"href":"https:\/\/fewoschoon.de\/index.php?rest_route=\/wp\/v2\/types\/page"}],"author":[{"embeddable":true,"href":"https:\/\/fewoschoon.de\/index.php?rest_route=\/wp\/v2\/users\/1"}],"replies":[{"embeddable":true,"href":"https:\/\/fewoschoon.de\/index.php?rest_route=%2Fwp%2Fv2%2Fcomments&post=52"}],"version-history":[{"count":3,"href":"https:\/\/fewoschoon.de\/index.php?rest_route=\/wp\/v2\/pages\/52\/revisions"}],"predecessor-version":[{"id":57,"href":"https:\/\/fewoschoon.de\/index.php?rest_route=\/wp\/v2\/pages\/52\/revisions\/57"}],"wp:attachment":[{"href":"https:\/\/fewoschoon.de\/index.php?rest_route=%2Fwp%2Fv2%2Fmedia&parent=52"}],"curies":[{"name":"wp","href":"https:\/\/api.w.org\/{rel}","templated":true}]}}