{"id":70,"date":"2015-05-14T11:39:34","date_gmt":"2015-05-14T09:39:34","guid":{"rendered":"http:\/\/fewoschoon.de\/?page_id=70"},"modified":"2024-12-18T11:10:08","modified_gmt":"2024-12-18T10:10:08","slug":"preise","status":"publish","type":"page","link":"https:\/\/fewoschoon.de\/?page_id=70","title":{"rendered":"Preise"},"content":{"rendered":"\n<p style=\"font-size:24px\"><\/p>\n\n\n<span id=\"tablepress-7-description\" class=\"tablepress-table-description tablepress-table-description-id-7\">Hier finden Sie eine \u00dcbersicht \u00fcber unsere Preise f\u00fcr das Jahr 2025<br \/>\nDie Preise gelten pro \u00dcbernachtung inkl. aller Nebenkosten.<\/span>\n\n<table id=\"tablepress-7\" class=\"tablepress tablepress-id-7\" aria-describedby=\"tablepress-7-description\">\n<thead>\n<tr class=\"row-1\">\n\t<th class=\"column-1\">\u00dcbernachtungen<\/th><th class=\"column-2\">1 - 2 Personen<\/th>\n<\/tr>\n<\/thead>\n<tbody class=\"row-striping row-hover\">\n<tr class=\"row-2\">\n\t<td class=\"column-1\">ab 7 <\/td><td class=\"column-2\">55,-\u20ac \/ \u00dcbernachtung<\/td>\n<\/tr>\n<tr class=\"row-3\">\n\t<td class=\"column-1\">4 - 6<\/td><td class=\"column-2\">60,-\u20ac \/ \u00dcbernachtung<\/td>\n<\/tr>\n<tr class=\"row-4\">\n\t<td class=\"column-1\">3<\/td><td class=\"column-2\">70,-\u20ac  \/ \u00dcbernachtung<\/td>\n<\/tr>\n<\/tbody>\n<\/table>\n\n<h5>F\u00fcr Kinder bis zu 6 Jahren fallen keine Kosten an!<br \/><br \/>Unsere Ferienwohnung ist ideal f\u00fcr 2 -3 Personen, bei 4 Personen k\u00f6nnen Sie gerne anfragen.<\/h5>\n<h5><strong>Die Preise gelten f\u00fcr bis zu 2 Personen, f\u00fcr jede weitere Person werden zus\u00e4tzlich 8\u20ac pro \u00dcbernachtung berechnet, d<\/strong><strong>ie Mindestmietdauer betr\u00e4gt drei N\u00e4chte.<\/strong><\/h5>\n<h5>Bettw\u00e4sche, Handt\u00fccher und Endreinigung sind im Preis inklusive.<\/h5>\n<h5>Die Wohnung kann am Anreisetag <strong>ab 15:00 Uhr oder nach Absprache bezogen<\/strong> werden.<\/h5>\n<h5>Am Abreisetag steht Ihnen die Wohnung\u00a0<strong>bis 10:00 Uhr <\/strong>oder nach Absprache zur Verf\u00fcgung.<\/h5>","protected":false},"excerpt":{"rendered":"<p>F\u00fcr Kinder bis zu 6 Jahren fallen keine Kosten an! Unsere Ferienwohnung ist ideal f\u00fcr 2 -3 Personen, bei 4 Personen k\u00f6nnen Sie gerne anfragen. Die Preise gelten f\u00fcr bis zu 2 Personen, f\u00fcr jede weitere Person werden zus\u00e4tzlich 8\u20ac pro \u00dcbernachtung berechnet, die Mindestmietdauer betr\u00e4gt drei N\u00e4chte. Bettw\u00e4sche, Handt\u00fccher und Endreinigung sind im Preis [&hellip;]<\/p>\n","protected":false},"author":1,"featured_media":0,"parent":0,"menu_order":2,"comment_status":"open","ping_status":"open","template":"","meta":{"_exactmetrics_skip_tracking":false,"_exactmetrics_sitenote_active":false,"_exactmetrics_sitenote_note":"","_exactmetrics_sitenote_category":0,"jetpack_post_was_ever_published":false,"footnotes":""},"class_list":["post-70","page","type-page","status-publish","hentry"],"aioseo_notices":[],"jetpack_sharing_enabled":false,"jetpack_shortlink":"https:\/\/wp.me\/P69lNu-18","jetpack-related-posts":[],"_links":{"self":[{"href":"https:\/\/fewoschoon.de\/index.php?rest_route=\/wp\/v2\/pages\/70","targetHints":{"allow":["GET"]}}],"collection":[{"href":"https:\/\/fewoschoon.de\/index.php?rest_route=\/wp\/v2\/pages"}],"about":[{"href":"https:\/\/fewoschoon.de\/index.php?rest_route=\/wp\/v2\/types\/page"}],"author":[{"embeddable":true,"href":"https:\/\/fewoschoon.de\/index.php?rest_route=\/wp\/v2\/users\/1"}],"replies":[{"embeddable":true,"href":"https:\/\/fewoschoon.de\/index.php?rest_route=%2Fwp%2Fv2%2Fcomments&post=70"}],"version-history":[{"count":42,"href":"https:\/\/fewoschoon.de\/index.php?rest_route=\/wp\/v2\/pages\/70\/revisions"}],"predecessor-version":[{"id":902,"href":"https:\/\/fewoschoon.de\/index.php?rest_route=\/wp\/v2\/pages\/70\/revisions\/902"}],"wp:attachment":[{"href":"https:\/\/fewoschoon.de\/index.php?rest_route=%2Fwp%2Fv2%2Fmedia&parent=70"}],"curies":[{"name":"wp","href":"https:\/\/api.w.org\/{rel}","templated":true}]}}